{"id":10,"date":"2024-03-19T11:34:32","date_gmt":"2024-03-19T11:34:32","guid":{"rendered":"https:\/\/kalendarium-jednodzielne.pl\/?page_id=10"},"modified":"2025-07-29T12:42:58","modified_gmt":"2025-07-29T12:42:58","slug":"informacje","status":"publish","type":"page","link":"https:\/\/kalendarium-jednodzielne.pl\/","title":{"rendered":"Kalendarium jednodzielne &#8211; Informacje"},"content":{"rendered":"\n<div class=\"wp-block-columns alignfull is-layout-flex wp-container-core-columns-is-layout-9d6595d7 wp-block-columns-is-layout-flex\">\n<div class=\"wp-block-column is-layout-flow wp-block-column-is-layout-flow\" style=\"flex-basis:35rem\"><div class=\"wp-block-image is-style-default\">\n<figure class=\"alignleft size-full\"><img loading=\"lazy\" decoding=\"async\" width=\"1744\" height=\"1366\" src=\"https:\/\/kalendarium-jednodzielne.pl\/wp-content\/uploads\/2025\/07\/1D_kalendarium_jednodzielne_styczen_czarno_czerwone.jpg\" alt=\"Kalendarium jednodzielne czerwono-czarne\" class=\"wp-image-205\" style=\"object-fit:cover\" srcset=\"https:\/\/kalendarium-jednodzielne.pl\/wp-content\/uploads\/2025\/07\/1D_kalendarium_jednodzielne_styczen_czarno_czerwone.jpg 1744w, https:\/\/kalendarium-jednodzielne.pl\/wp-content\/uploads\/2025\/07\/1D_kalendarium_jednodzielne_styczen_czarno_czerwone-300x235.jpg 300w, https:\/\/kalendarium-jednodzielne.pl\/wp-content\/uploads\/2025\/07\/1D_kalendarium_jednodzielne_styczen_czarno_czerwone-1024x802.jpg 1024w, https:\/\/kalendarium-jednodzielne.pl\/wp-content\/uploads\/2025\/07\/1D_kalendarium_jednodzielne_styczen_czarno_czerwone-768x602.jpg 768w, https:\/\/kalendarium-jednodzielne.pl\/wp-content\/uploads\/2025\/07\/1D_kalendarium_jednodzielne_styczen_czarno_czerwone-1536x1203.jpg 1536w\" sizes=\"auto, (max-width: 767px) 89vw, (max-width: 1000px) 54vw, (max-width: 1071px) 543px, 580px\" \/><\/figure>\n<\/div>\n\n<div class=\"wp-block-image\">\n<figure class=\"alignleft size-full\"><img loading=\"lazy\" decoding=\"async\" width=\"1744\" height=\"1366\" src=\"https:\/\/kalendarium-jednodzielne.pl\/wp-content\/uploads\/2025\/07\/1D_kalendarium_jednodzielne_styczen_granatowo_czerwone.jpg\" alt=\"Kalendarium jednodzielne czerwono-granatowe\" class=\"wp-image-206\" style=\"object-fit:cover\" srcset=\"https:\/\/kalendarium-jednodzielne.pl\/wp-content\/uploads\/2025\/07\/1D_kalendarium_jednodzielne_styczen_granatowo_czerwone.jpg 1744w, https:\/\/kalendarium-jednodzielne.pl\/wp-content\/uploads\/2025\/07\/1D_kalendarium_jednodzielne_styczen_granatowo_czerwone-300x235.jpg 300w, https:\/\/kalendarium-jednodzielne.pl\/wp-content\/uploads\/2025\/07\/1D_kalendarium_jednodzielne_styczen_granatowo_czerwone-1024x802.jpg 1024w, https:\/\/kalendarium-jednodzielne.pl\/wp-content\/uploads\/2025\/07\/1D_kalendarium_jednodzielne_styczen_granatowo_czerwone-768x602.jpg 768w, https:\/\/kalendarium-jednodzielne.pl\/wp-content\/uploads\/2025\/07\/1D_kalendarium_jednodzielne_styczen_granatowo_czerwone-1536x1203.jpg 1536w\" sizes=\"auto, (max-width: 767px) 89vw, (max-width: 1000px) 54vw, (max-width: 1071px) 543px, 580px\" \/><\/figure>\n<\/div>\n\n\n<p class=\"has-text-align-center has-background\" style=\"background-color:#ffffff24\"><strong> <\/strong><\/p>\n\n\n\n<\/p>\n<\/div>\n\n\n\n<div class=\"wp-block-column is-vertically-aligned-top is-layout-flow wp-block-column-is-layout-flow\" style=\"flex-basis:47%\">\n<p><strong>Kalendarium jednodzielne<\/strong>&nbsp;sk\u0142ada si\u0119 z bloczka dwunastu arkuszy zwyk\u0142ego papieru offsetowego z nadrukiem kolejnego miesi\u0105ca, oraz w mniejszej skali miesi\u0105ca poprzedniego i nast\u0119pnego oraz z podklejonym kartonikiem od spodu.<\/p>\n\n\n\n<p>Miesi\u0105c bie\u017c\u0105cy wyr\u00f3\u017cniony jest znacznie wi\u0119kszym rozmiarem po\u015brodku ka\u017cdego arkusza. Pozosta\u0142e dwa miesi\u0105ce s\u0105 du\u017co mniejsze z lewej strony &#8211; miesi\u0105c poprzedni i z prawej strony &#8211; miesi\u0105c nast\u0119pny.&nbsp;&nbsp;Niedziele i \u015bwi\u0119ta wydrukowane s\u0105 w kolorze czerwonym, pozosta\u0142e dni w kolorze granatowym lub czarnym &#8211; w zale\u017cno\u015bci od zam\u00f3wionej wersji produktu.<\/p>\n\n\n\n<p><strong>Zakres kalendarium jednodzielnego:<\/strong> <br>&nbsp;&nbsp;&nbsp; obejmuje okres od grudnia poprzedniego roku<br>&nbsp;&nbsp;&nbsp; do stycznia nast\u0119pnego roku &#8211; w sumie jest to 14 miesi\u0119cy<br>&nbsp;&nbsp;&nbsp; (w przypadku kalendarium na rok 2026 jest to przedzia\u0142:<br>&nbsp;&nbsp;&nbsp; od grudnia 2025 do stycznia 2027).<\/p>\n\n\n\n<p><strong>Nazwy miesi\u0119cy i tygodni:<\/strong><br>&nbsp;&nbsp; &#8211; dni tygodnia i miesi\u0119cy s\u0105 czteroj\u0119zyczne:<br>&nbsp;&nbsp;&nbsp;&nbsp;&nbsp; polski, angielski, niemiecki, ukrai\u0144ski.<\/p>\n\n\n\n<p><strong>Kolory nadruku wg wzornika Pantone:<br><br>&nbsp;&nbsp;&nbsp; &#8211;&nbsp;<a href=\"https:\/\/drukarnia.chorzow.pl\/p621-kalendarium-1d-czarne.htm\" target=\"_blank\" rel=\"noopener\">kalendarium jednodzielne&nbsp;czarno-czerwone<\/a><\/strong><br>&nbsp;&nbsp;&nbsp;&nbsp;&nbsp;&nbsp;&nbsp; &#8211; czarny<br>&nbsp;&nbsp;&nbsp;&nbsp;&nbsp;&nbsp;&nbsp; &#8211; czerwony &#8211; RED 032U<br><br><strong>&nbsp;&nbsp;&nbsp; &#8211;&nbsp;<a href=\"https:\/\/drukarnia.chorzow.pl\/p2128-kalendarium-1d-granatowe.htm\" target=\"_blank\" rel=\"noopener\">kalendarium jednodzielne&nbsp;granatowo-czerwone<\/a><\/strong><br>&nbsp;&nbsp;&nbsp;&nbsp;&nbsp;&nbsp;&nbsp; &#8211; granatowy &#8211; 2757U<br>&nbsp;&nbsp;&nbsp;&nbsp;&nbsp;&nbsp;&nbsp; &#8211; czerwony &#8211; RED 032U<\/p>\n\n\n\n<p><strong>Pozosta\u0142e cechy:<\/strong><br>&nbsp;&nbsp; &#8211;&nbsp;numeracja tygodni,<br>&nbsp;&nbsp; &#8211; imieniny,<br>&nbsp;&nbsp; &#8211; du\u017ce czytelne napisy z zaznaczonymi \u015bwi\u0119tami,<br>&nbsp;&nbsp; &#8211; wymiary&nbsp;pojedynczego kalendarium:<br>&nbsp;&nbsp;&nbsp;&nbsp; szeroko\u015b\u0107: 277 mm, wysoko\u015b\u0107: 210 mm,<br>&nbsp;&nbsp; &#8211; wz\u00f3r produktu jest zastrze\u017cony.<\/p>\n<\/div>\n<\/div>\n\n\n\n<hr class=\"wp-block-separator has-alpha-channel-opacity is-style-wide\"\/>\n\n\n\n<div class=\"wp-block-columns alignfull is-layout-flex wp-container-core-columns-is-layout-9d6595d7 wp-block-columns-is-layout-flex\">\n<div class=\"wp-block-column is-layout-flow wp-block-column-is-layout-flow\" style=\"flex-basis:32%\">\n<figure class=\"wp-block-image size-full is-resized\"><img loading=\"lazy\" decoding=\"async\" width=\"388\" height=\"683\" src=\"https:\/\/kalendarium-jednodzielne.pl\/wp-content\/uploads\/2025\/07\/1D-ind_plaski.jpg\" alt=\"\" class=\"wp-image-203\" style=\"width:300px\" srcset=\"https:\/\/kalendarium-jednodzielne.pl\/wp-content\/uploads\/2025\/07\/1D-ind_plaski.jpg 388w, https:\/\/kalendarium-jednodzielne.pl\/wp-content\/uploads\/2025\/07\/1D-ind_plaski-170x300.jpg 170w\" sizes=\"auto, (max-width: 388px) 100vw, 388px\" \/><\/figure>\n<\/div>\n\n\n\n<div class=\"wp-block-column is-vertically-aligned-center is-layout-flow wp-block-column-is-layout-flow\" style=\"padding-top:1em;padding-right:1em;padding-bottom:1em;padding-left:1em\">\n<div class=\"wp-block-columns is-layout-flex wp-container-core-columns-is-layout-9d6595d7 wp-block-columns-is-layout-flex\">\n<div class=\"wp-block-column is-layout-flow wp-block-column-is-layout-flow\" style=\"flex-basis:790px\">\n<p><strong>Produkcja pro-ekologiczna<\/strong><\/p>\n\n\n\n<p>Ka\u017cdy bloczek podklejony jest grubszym kartonikiem, kt\u00f3ry nadaje sztywno\u015b\u0107 i zapobiega odklejaniu si\u0119 od pleck\u00f3w.<\/p>\n\n\n\n<p>Tzw. podklejka bardzo cz\u0119sto wykonana jest z makulatury &#8211; arkusze tektury pochodz\u0105cej z recyclingu. Jest to wysokiej jako\u015bci tektura u\u017cywana wcze\u015bniej do przygotowania druku ok\u0142adek, teczek itp., cz\u0119sto z nadrukiem. U\u017cycie takiego materia\u0142u przeznaczonego na makulatur\u0119 obni\u017ca koszt kalendarium&nbsp;<strong><u>nie wp\u0142ywaj\u0105c jednocze\u015bnie na obni\u017cenie jako\u015bci produktu.<\/u><\/strong>&nbsp;Taka polityka proekologiczna spotyka si\u0119 z du\u017cym uznaniem naszych odbiorc\u00f3w.<\/p>\n\n\n\n<p>Optymalny format w 99% eliminuje produkcj\u0119 odpad\u00f3w.<\/p>\n\n\n\n<p>Wszystkie elementy tego produktu wyprodukowane s\u0105 w Polsce. Pocz\u0105wszy od kart kalendarium wykonanych z papieru offsetowego o gramaturze 80 g\/m<sup>2<\/sup>, podklejki wykonanej z kartonu o gramaturze od 200-350 g\/m<sup>2<\/sup>, a\u017c po klej, kt\u00f3ry spaja wszystkie karty w jedn\u0105 ca\u0142o\u015b\u0107.<\/p>\n\n\n\n<p>U\u017cywany przez nasz\u0105 firm\u0119 klej jest bardziej elastyczny od zwyk\u0142ego kleju introligatorskiego. Pozwala to zachowa\u0107 odpowiednie w\u0142a\u015bciwo\u015bci bloczka nawet w ni\u017cszych temperaturach. W zwi\u0105zku z tym kalendarze mo\u017cna przechowywa\u0107 i transportowa\u0107 prawie w ka\u017cdych warunkach.<\/p>\n<\/div>\n<\/div>\n<\/div>\n<\/div>\n\n\n\n<hr class=\"wp-block-separator has-alpha-channel-opacity is-style-wide\"\/>\n\n\n\n<div class=\"wp-block-columns alignfull is-layout-flex wp-container-core-columns-is-layout-9d6595d7 wp-block-columns-is-layout-flex\">\n<div class=\"wp-block-column is-layout-flow wp-block-column-is-layout-flow\" style=\"flex-basis:32%\">\n<figure class=\"wp-block-image size-full is-resized\"><img decoding=\"async\" src=\"https:\/\/kalendarium-jednodzielne.pl\/wp-content\/uploads\/2024\/03\/kalendarium-jednodzielne-z-zegarem.jpg\" alt=\"\" class=\"wp-image-98\" style=\"width:0px\"\/><\/figure>\n\n\n\n<figure class=\"wp-block-image size-full is-resized\"><img loading=\"lazy\" decoding=\"async\" width=\"309\" height=\"500\" src=\"https:\/\/kalendarium-jednodzielne.pl\/wp-content\/uploads\/2025\/07\/kalendarium_czarno_czerwone_na_kalendarz_jednodzielny.jpg\" alt=\"\" class=\"wp-image-207\" style=\"width:300px\" srcset=\"https:\/\/kalendarium-jednodzielne.pl\/wp-content\/uploads\/2025\/07\/kalendarium_czarno_czerwone_na_kalendarz_jednodzielny.jpg 309w, https:\/\/kalendarium-jednodzielne.pl\/wp-content\/uploads\/2025\/07\/kalendarium_czarno_czerwone_na_kalendarz_jednodzielny-185x300.jpg 185w\" sizes=\"auto, (max-width: 309px) 100vw, 309px\" \/><\/figure>\n<\/div>\n\n\n\n<div class=\"wp-block-column is-vertically-aligned-center is-layout-flow wp-block-column-is-layout-flow\" style=\"padding-top:1em;padding-right:1em;padding-bottom:1em;padding-left:1em;flex-basis:55%\">\n<div class=\"wp-block-columns is-layout-flex wp-container-core-columns-is-layout-9d6595d7 wp-block-columns-is-layout-flex\">\n<div class=\"wp-block-column is-layout-flow wp-block-column-is-layout-flow\" style=\"flex-basis:800px\">\n<p class=\"has-small-font-size\" style=\"line-height:1.6\"><\/p>\n\n\n\n<p>Wystarczy klikn\u0105\u0107 na jeden z poni\u017cszych odno\u015bnik\u00f3w, przechodz\u0105c jednocze\u015bnie do strony zawieraj\u0105cej formularz wyceny. Obs\u0142uga formularza jest dziecinnie prosta. Prosz\u0119 pami\u0119ta\u0107, \u017ce rabaty uwzgl\u0119dniane s\u0105 dopiero po zalogowaniu.<\/p>\n\n\n\n<p>Sprzedawany przez nas produkt przeznaczony jest do naklejenia na kalendarz jednodzielny. W systemie sprzeda\u017cy dost\u0119pne s\u0105 r\u00f3wnie\u017c okienka podkre\u015blaj\u0105ce bie\u017c\u0105cy dzie\u0144.<\/p>\n\n\n\n<p>Wyce\u0144 i i zam\u00f3w klikaj\u0105c na interesuj\u0105cy kolor:<\/p>\n\n\n\n<p>&nbsp;&nbsp;&nbsp; &#8211;&nbsp;<a href=\"https:\/\/drukarnia.chorzow.pl\/produkt\/kalendarium-jednodzielne-2026\/\" target=\"_blank\" rel=\"noopener\">kalendarium jednodzielne<\/a><strong><a href=\"https:\/\/drukarnia.chorzow.pl\/produkt\/kalendarium-jednodzielne-2026\/\" target=\"_blank\" rel=\"noopener\">&nbsp;czarno-<mark style=\"background-color:rgba(0, 0, 0, 0)\" class=\"has-inline-color has-vivid-red-color\">czerwone<\/mark><\/a><\/strong><br>&nbsp;&nbsp;&nbsp; &#8211;&nbsp;<a href=\"https:\/\/drukarnia.chorzow.pl\/produkt\/kalendaria-jednodzielne-2026\/\" target=\"_blank\" rel=\"noopener\">kalendarium jednodzielne<\/a><strong><a href=\"https:\/\/drukarnia.chorzow.pl\/produkt\/kalendaria-jednodzielne-2026\/\" target=\"_blank\" rel=\"noopener\">&nbsp;<mark style=\"background-color:rgba(0, 0, 0, 0)\" class=\"has-inline-color has-vivid-cyan-blue-color\">granatowo<\/mark>&#8211;<mark style=\"background-color:rgba(0, 0, 0, 0)\" class=\"has-inline-color has-vivid-red-color\">czerwone<\/mark><\/a><\/strong><\/p>\n<\/div>\n<\/div>\n<\/div>\n<\/div>\n\n\n\n<figure class=\"wp-block-gallery has-nested-images columns-default is-cropped wp-block-gallery-1 is-layout-flex wp-block-gallery-is-layout-flex\">\n<figure class=\"wp-block-image size-large\"><img loading=\"lazy\" decoding=\"async\" width=\"1024\" height=\"802\" data-id=\"208\" src=\"https:\/\/kalendarium-jednodzielne.pl\/wp-content\/uploads\/2025\/07\/1D_kalendarium_jednodzielne_styczen_czarno_czerwone-1-1024x802.jpg\" alt=\"\" class=\"wp-image-208\" srcset=\"https:\/\/kalendarium-jednodzielne.pl\/wp-content\/uploads\/2025\/07\/1D_kalendarium_jednodzielne_styczen_czarno_czerwone-1-1024x802.jpg 1024w, https:\/\/kalendarium-jednodzielne.pl\/wp-content\/uploads\/2025\/07\/1D_kalendarium_jednodzielne_styczen_czarno_czerwone-1-300x235.jpg 300w, https:\/\/kalendarium-jednodzielne.pl\/wp-content\/uploads\/2025\/07\/1D_kalendarium_jednodzielne_styczen_czarno_czerwone-1-768x602.jpg 768w, https:\/\/kalendarium-jednodzielne.pl\/wp-content\/uploads\/2025\/07\/1D_kalendarium_jednodzielne_styczen_czarno_czerwone-1-1536x1203.jpg 1536w, https:\/\/kalendarium-jednodzielne.pl\/wp-content\/uploads\/2025\/07\/1D_kalendarium_jednodzielne_styczen_czarno_czerwone-1.jpg 1744w\" sizes=\"auto, (max-width: 767px) 89vw, (max-width: 1000px) 54vw, (max-width: 1071px) 543px, 580px\" \/><\/figure>\n\n\n\n<figure class=\"wp-block-image size-large\"><img loading=\"lazy\" decoding=\"async\" width=\"1024\" height=\"802\" data-id=\"209\" src=\"https:\/\/kalendarium-jednodzielne.pl\/wp-content\/uploads\/2025\/07\/1D_kalendarium_jednodzielne_luty_czarno_czerwone-1024x802.jpg\" alt=\"\" class=\"wp-image-209\" srcset=\"https:\/\/kalendarium-jednodzielne.pl\/wp-content\/uploads\/2025\/07\/1D_kalendarium_jednodzielne_luty_czarno_czerwone-1024x802.jpg 1024w, https:\/\/kalendarium-jednodzielne.pl\/wp-content\/uploads\/2025\/07\/1D_kalendarium_jednodzielne_luty_czarno_czerwone-300x235.jpg 300w, https:\/\/kalendarium-jednodzielne.pl\/wp-content\/uploads\/2025\/07\/1D_kalendarium_jednodzielne_luty_czarno_czerwone-768x602.jpg 768w, https:\/\/kalendarium-jednodzielne.pl\/wp-content\/uploads\/2025\/07\/1D_kalendarium_jednodzielne_luty_czarno_czerwone-1536x1203.jpg 1536w, https:\/\/kalendarium-jednodzielne.pl\/wp-content\/uploads\/2025\/07\/1D_kalendarium_jednodzielne_luty_czarno_czerwone.jpg 1744w\" sizes=\"auto, (max-width: 767px) 89vw, (max-width: 1000px) 54vw, (max-width: 1071px) 543px, 580px\" \/><\/figure>\n\n\n\n<figure class=\"wp-block-image size-large\"><img loading=\"lazy\" decoding=\"async\" width=\"1024\" height=\"802\" data-id=\"210\" src=\"https:\/\/kalendarium-jednodzielne.pl\/wp-content\/uploads\/2025\/07\/1D_kalendarium_jednodzielne_marzec_czarno_czerwone-1024x802.jpg\" alt=\"\" class=\"wp-image-210\" srcset=\"https:\/\/kalendarium-jednodzielne.pl\/wp-content\/uploads\/2025\/07\/1D_kalendarium_jednodzielne_marzec_czarno_czerwone-1024x802.jpg 1024w, https:\/\/kalendarium-jednodzielne.pl\/wp-content\/uploads\/2025\/07\/1D_kalendarium_jednodzielne_marzec_czarno_czerwone-300x235.jpg 300w, https:\/\/kalendarium-jednodzielne.pl\/wp-content\/uploads\/2025\/07\/1D_kalendarium_jednodzielne_marzec_czarno_czerwone-768x602.jpg 768w, https:\/\/kalendarium-jednodzielne.pl\/wp-content\/uploads\/2025\/07\/1D_kalendarium_jednodzielne_marzec_czarno_czerwone-1536x1203.jpg 1536w, https:\/\/kalendarium-jednodzielne.pl\/wp-content\/uploads\/2025\/07\/1D_kalendarium_jednodzielne_marzec_czarno_czerwone.jpg 1744w\" sizes=\"auto, (max-width: 767px) 89vw, (max-width: 1000px) 54vw, (max-width: 1071px) 543px, 580px\" \/><\/figure>\n<\/figure>\n\n\n\n<hr class=\"wp-block-separator has-alpha-channel-opacity is-style-wide\"\/>\n\n\n\n<p><\/p>\n\n\n\n<h2 class=\"wp-block-heading\">Kalendarium jednodzielne tylko u nas! Zapraszamy do naszego sklepu<\/h2>\n\n\n\n<p> <a href=\"https:\/\/kalendarium-jednodzielne.pl\" data-type=\"page\" data-id=\"9\">Do g\u00f3ry<\/a><\/p>\n\n\n\n<p><\/p>\n","protected":false},"excerpt":{"rendered":"<p>Kalendarium jednodzielne&nbsp;sk\u0142ada si\u0119 z bloczka dwunastu arkuszy zwyk\u0142ego papieru offsetowego z nadrukiem kolejnego miesi\u0105ca, oraz w mniejszej skali miesi\u0105ca poprzedniego i nast\u0119pnego oraz z podklejonym kartonikiem od spodu. Miesi\u0105c bie\u017c\u0105cy wyr\u00f3\u017cniony jest znacznie wi\u0119kszym rozmiarem po\u015brodku ka\u017cdego arkusza. Pozosta\u0142e dwa miesi\u0105ce s\u0105 du\u017co mniejsze z lewej strony &#8211; miesi\u0105c poprzedni i z prawej strony &#8211; &hellip; <\/p>\n<p class=\"link-more\"><a href=\"https:\/\/kalendarium-jednodzielne.pl\/\" class=\"more-link\">Czytaj dalej<span class=\"screen-reader-text\"> \u201eKalendarium jednodzielne &#8211; Informacje\u201d<\/span><\/a><\/p>\n","protected":false},"author":1,"featured_media":0,"parent":0,"menu_order":0,"comment_status":"closed","ping_status":"closed","template":"","meta":{"footnotes":""},"class_list":["post-10","page","type-page","status-publish","hentry"],"_links":{"self":[{"href":"https:\/\/kalendarium-jednodzielne.pl\/index.php\/wp-json\/wp\/v2\/pages\/10","targetHints":{"allow":["GET"]}}],"collection":[{"href":"https:\/\/kalendarium-jednodzielne.pl\/index.php\/wp-json\/wp\/v2\/pages"}],"about":[{"href":"https:\/\/kalendarium-jednodzielne.pl\/index.php\/wp-json\/wp\/v2\/types\/page"}],"author":[{"embeddable":true,"href":"https:\/\/kalendarium-jednodzielne.pl\/index.php\/wp-json\/wp\/v2\/users\/1"}],"replies":[{"embeddable":true,"href":"https:\/\/kalendarium-jednodzielne.pl\/index.php\/wp-json\/wp\/v2\/comments?post=10"}],"version-history":[{"count":89,"href":"https:\/\/kalendarium-jednodzielne.pl\/index.php\/wp-json\/wp\/v2\/pages\/10\/revisions"}],"predecessor-version":[{"id":227,"href":"https:\/\/kalendarium-jednodzielne.pl\/index.php\/wp-json\/wp\/v2\/pages\/10\/revisions\/227"}],"wp:attachment":[{"href":"https:\/\/kalendarium-jednodzielne.pl\/index.php\/wp-json\/wp\/v2\/media?parent=10"}],"curies":[{"name":"wp","href":"https:\/\/api.w.org\/{rel}","templated":true}]}}